{"id":5,"date":"2019-04-27T08:43:19","date_gmt":"2019-04-27T06:43:19","guid":{"rendered":"http:\/\/foerderverein-rammelsberg.de\/hp\/?page_id=5"},"modified":"2025-02-20T19:03:29","modified_gmt":"2025-02-20T18:03:29","slug":"herzlich-willkommen","status":"publish","type":"page","link":"https:\/\/foerderverein-rammelsberg.de\/hp\/","title":{"rendered":"Gl\u00fcck auf!"},"content":{"rendered":"\n<p>Wir unterst\u00fctzen das Museum &amp; Besucherbergwerk Rammelsberg in Goslar &#8211; von der Gr\u00fcndung \u00fcber den Welterbestatus bis in die Gegenwart. Unser Schwerpunkt ist die finanzielle Beteiligung an Projekten des Museums und die DUrchf\u00fchrung eigener Veranstaltungen mit Bezug zum Bergbau in und um Goslar. Du kannst unsere Arbeit unters\u00fctzen:<\/p>\n\n\n\n<form action=\"https:\/\/www.paypal.com\/donate\" method=\"post\" target=\"_top\">\n<input type=\"hidden\" name=\"hosted_button_id\" value=\"URVTWBFKM7YKN\" \/>\n<input type=\"image\" src=\"https:\/\/www.paypalobjects.com\/de_DE\/DE\/i\/btn\/btn_donate_LG.gif\" border=\"0\" name=\"submit\" title=\"PayPal - The safer, easier way to pay online!\" alt=\"Spenden mit dem PayPal-Button\" \/>\n<img loading=\"lazy\" decoding=\"async\" alt=\"\" border=\"0\" src=\"https:\/\/www.paypal.com\/de_DE\/i\/scr\/pixel.gif\" width=\"1\" height=\"1\" \/>\n<\/form>\n\n\n<div class=\"wp-block-image is-resized\">\n<figure class=\"aligncenter\"><img loading=\"lazy\" decoding=\"async\" width=\"1024\" height=\"704\" src=\"http:\/\/foerderverein-rammelsberg.de\/hp\/wp-content\/uploads\/2019\/04\/Logo-1024x704.jpg\" alt=\"\" class=\"wp-image-6\" srcset=\"https:\/\/foerderverein-rammelsberg.de\/hp\/wp-content\/uploads\/2019\/04\/Logo-1024x704.jpg 1024w, https:\/\/foerderverein-rammelsberg.de\/hp\/wp-content\/uploads\/2019\/04\/Logo-350x241.jpg 350w, https:\/\/foerderverein-rammelsberg.de\/hp\/wp-content\/uploads\/2019\/04\/Logo-300x206.jpg 300w, https:\/\/foerderverein-rammelsberg.de\/hp\/wp-content\/uploads\/2019\/04\/Logo-768x528.jpg 768w, https:\/\/foerderverein-rammelsberg.de\/hp\/wp-content\/uploads\/2019\/04\/Logo.jpg 1084w\" sizes=\"auto, (max-width: 767px) 89vw, (max-width: 1000px) 54vw, (max-width: 1071px) 543px, 580px\" \/><\/figure>\n<\/div>\n\n\n<h2 class=\"wp-block-heading\">Aktueller Beitrag<\/h2>\n\n\n<ul class=\"wp-block-latest-posts__list wp-block-latest-posts\"><li><div class=\"wp-block-latest-posts__featured-image\"><img loading=\"lazy\" decoding=\"async\" width=\"150\" height=\"150\" src=\"https:\/\/foerderverein-rammelsberg.de\/hp\/wp-content\/uploads\/2025\/12\/HU9A4882-150x150.jpg\" class=\"attachment-thumbnail size-thumbnail wp-post-image\" alt=\"\" style=\"\" srcset=\"https:\/\/foerderverein-rammelsberg.de\/hp\/wp-content\/uploads\/2025\/12\/HU9A4882-150x150.jpg 150w, https:\/\/foerderverein-rammelsberg.de\/hp\/wp-content\/uploads\/2025\/12\/HU9A4882-100x100.jpg 100w, https:\/\/foerderverein-rammelsberg.de\/hp\/wp-content\/uploads\/2025\/12\/HU9A4882-250x250.jpg 250w\" sizes=\"auto, 100vw\" \/><\/div><a class=\"wp-block-latest-posts__post-title\" href=\"https:\/\/foerderverein-rammelsberg.de\/hp\/2025\/12\/27\/foerderverein-beim-weihnachtlichen-rammelsberg-vertreten\/\">F\u00f6rderverein beim weihnachtlichen Rammelsberg vertreten<\/a><div class=\"wp-block-latest-posts__post-full-content\"><!-- wp:paragraph -->\n<p>Am dritten Adventswochenende, dem 13. und 14. Dezember 2025, war der F\u00f6rderverein Rammelsberg an beiden Tagen beim weihnachtlichen Rammelsberg mit einem eigenen Stand vertreten. Der Stand befand sich in der Schlosserei, die w\u00e4hrend der Veranstaltung ein zentraler Treffpunkt war. Neben gastronomischen Angeboten pr\u00e4sentierten sich dort zahlreiche weitere Aussteller und Vereine. Das Spektrum reichte von harztauglicher Wanderkleidung \u00fcber regionalen Honig bis hin zu liebevoll gen\u00e4hten Produkten, in dieses Umfeld f\u00fcgte sich auch der Stand des F\u00f6rdervereins ein.<br>Der F\u00f6rderverein unterst\u00fctzt das Rammelsberger Bergbaumuseum und nutzt Veranstaltungen wie diese bewusst, um in der \u00d6ffentlichkeit pr\u00e4sent zu sein. Der pers\u00f6nliche Austausch stand dabei im Vordergrund. Viele Gespr\u00e4che mit Besucherinnen und Besuchern kamen zustande, es konnten neue Mitgliedschaften abgeschlossen werden und auch m\u00f6gliche Unterst\u00fctzungen f\u00fcr kommende Projekte wurden in Aussicht gestellt.<br>Angeboten wurden unter anderem Jahresgaben aus Restbest\u00e4nden. Bis vor wenigen Jahren hatte der Verein j\u00e4hrlich ein gelbes Heft mit unterschiedlichen Themen rund um den Rammelsberg herausgegeben. Diese Publikationen sind weiterhin auch als PDF erh\u00e4ltlich. Erg\u00e4nzt wurde das Angebot durch bergbauliche Antiquariate, die von Vereinsmitgliedern stammten, die ihre privaten B\u00fccherregale durchgesehen hatten. Besonders bei fachlich interessierten Besucherinnen und Besuchern stie\u00df das Angebot auf gro\u00dfes Interesse. Sowohl die Jahresgaben als auch die \u00e4lteren B\u00fccher fanden guten Absatz und bildeten h\u00e4ufig den Ausgangspunkt f\u00fcr vertiefende Gespr\u00e4che.<br>Betreut wurde der Stand \u00fcberwiegend von Vorstandsmitgliedern sowie deren Familien. Die Teilnahme am weihnachtlichen Rammelsberg wurde insgesamt als erfolgreich bewertet. Dazu trugen nicht zuletzt die gute Vorbereitung und die Unterst\u00fctzung durch das Bergbaumuseum bei. Viele Mitarbeiterinnen und Mitarbeiter des Museums schauten w\u00e4hrend der Veranstaltung kurz vorbei, erkundigten sich nach dem Stand und boten ihre Unterst\u00fctzung an.<\/p>\n<!-- \/wp:paragraph --><\/div><\/li>\n<\/ul>","protected":false},"excerpt":{"rendered":"<p>Wir unterst\u00fctzen das Museum &amp; Besucherbergwerk Rammelsberg in Goslar &#8211; von der Gr\u00fcndung \u00fcber den Welterbestatus bis in die Gegenwart. Unser Schwerpunkt ist die finanzielle Beteiligung an Projekten des Museums &hellip; <\/p>\n<p class=\"link-more\"><a href=\"https:\/\/foerderverein-rammelsberg.de\/hp\/\" class=\"more-link\"><span class=\"screen-reader-text\">\u201eGl\u00fcck auf!\u201c <\/span>weiterlesen<\/a><\/p>\n","protected":false},"author":1,"featured_media":0,"parent":0,"menu_order":0,"comment_status":"closed","ping_status":"closed","template":"","meta":{"footnotes":""},"class_list":["post-5","page","type-page","status-publish","hentry"],"_links":{"self":[{"href":"https:\/\/foerderverein-rammelsberg.de\/hp\/wp-json\/wp\/v2\/pages\/5","targetHints":{"allow":["GET"]}}],"collection":[{"href":"https:\/\/foerderverein-rammelsberg.de\/hp\/wp-json\/wp\/v2\/pages"}],"about":[{"href":"https:\/\/foerderverein-rammelsberg.de\/hp\/wp-json\/wp\/v2\/types\/page"}],"author":[{"embeddable":true,"href":"https:\/\/foerderverein-rammelsberg.de\/hp\/wp-json\/wp\/v2\/users\/1"}],"replies":[{"embeddable":true,"href":"https:\/\/foerderverein-rammelsberg.de\/hp\/wp-json\/wp\/v2\/comments?post=5"}],"version-history":[{"count":16,"href":"https:\/\/foerderverein-rammelsberg.de\/hp\/wp-json\/wp\/v2\/pages\/5\/revisions"}],"predecessor-version":[{"id":495,"href":"https:\/\/foerderverein-rammelsberg.de\/hp\/wp-json\/wp\/v2\/pages\/5\/revisions\/495"}],"wp:attachment":[{"href":"https:\/\/foerderverein-rammelsberg.de\/hp\/wp-json\/wp\/v2\/media?parent=5"}],"curies":[{"name":"wp","href":"https:\/\/api.w.org\/{rel}","templated":true}]}}