{"id":263,"date":"2024-05-09T09:05:31","date_gmt":"2024-05-09T07:05:31","guid":{"rendered":"http:\/\/foerderverein-rammelsberg.de\/hp\/?page_id=263"},"modified":"2025-10-10T14:31:32","modified_gmt":"2025-10-10T12:31:32","slug":"unterstuetzen-mitgliedschaft","status":"publish","type":"page","link":"https:\/\/foerderverein-rammelsberg.de\/hp\/unterstuetzen-mitgliedschaft\/","title":{"rendered":"Unterst\u00fctzen\/ Mitgliedschaft"},"content":{"rendered":"\n<h2 class=\"wp-block-heading\">Mitgliedschaft<\/h2>\n\n\n\n<p>Eine Mitgliedschaft in unserem Verein kostet nicht mehr als eine gute Pizza beim Lieblingsitaliener.&nbsp; Mit 20 Euro im Jahr k\u00f6nnen wir viel erreichen.<\/p>\n\n\n\n<p>Um Mitglied zu werden, k\u00f6nnen Sie das unten stehende Formular herunterladen, online ausf\u00fcllen und per E-Mail senden oder ausdrucken und per Post schicken. Am einfachsten ist es, wenn Sie das folgende Onlineformular nutzen.<\/p>\n\n\n\n<blockquote class=\"wp-block-quote is-layout-flow wp-block-quote-is-layout-flow\">\n<p>Das Onlineformular wird derzeit \u00fcberarbeitet und steht nicht zur Verf\u00fcgung. Sie k\u00f6nnen das Formular gerne herunter laden oder schreiben uns eine E-Mail an info(via)fv-rammelsberg(punkt)de<\/p>\n<\/blockquote>\n\n\n\n<p><\/p>\n\n\n\n<p>Das Formular zum Download: <\/p>\n\n\n\n<div data-wp-interactive=\"core\/file\" class=\"wp-block-file\"><object data-wp-bind--hidden=\"!state.hasPdfPreview\" hidden class=\"wp-block-file__embed\" data=\"http:\/\/foerderverein-rammelsberg.de\/hp\/wp-content\/uploads\/2025\/10\/Beitrittsformular-10-2025.pdf\" type=\"application\/pdf\" style=\"width:100%;height:600px\" aria-label=\"Einbettung von Beitrittsformular 10-2025.\"><\/object><a id=\"wp-block-file--media-249a4f59-2519-4ab9-bc95-7fe8053ed976\" href=\"http:\/\/foerderverein-rammelsberg.de\/hp\/wp-content\/uploads\/2025\/10\/Beitrittsformular-10-2025.pdf\">Beitrittsformular 10-2025<\/a><a href=\"http:\/\/foerderverein-rammelsberg.de\/hp\/wp-content\/uploads\/2025\/10\/Beitrittsformular-10-2025.pdf\" class=\"wp-block-file__button wp-element-button\" download aria-describedby=\"wp-block-file--media-249a4f59-2519-4ab9-bc95-7fe8053ed976\">Herunterladen<\/a><\/div>\n\n\n\n<p>F\u00f6rderverein Rammelsberg<br>Pestalozzistra\u00dfe 37<br>38642 Goslar<\/p>\n\n\n\n<p>info (via) fv-rammelsberg (punkt) de<\/p>\n\n\n\n<h2 class=\"wp-block-heading\">Spenden<\/h2>\n\n\n\n<p>Gerne nehmen wir auch Ihre Spende entgegen. unsere Kontoverbindung:<\/p>\n\n\n\n<p>F\u00f6rderverein Rammelsberg<br>IBAN DE 15 2595 0130 0000 0127 40<br>Sparkasse HGP<\/p>\n\n\n\n<p>Nat\u00fcrlich k\u00f6nnen Sie auch ganz bequem per Paypal spenden:<\/p>\n\n\n\n<form action=\"https:\/\/www.paypal.com\/donate\" method=\"post\" target=\"_top\">\n<input type=\"hidden\" name=\"hosted_button_id\" value=\"URVTWBFKM7YKN\" \/>\n<input type=\"image\" src=\"https:\/\/www.paypalobjects.com\/de_DE\/DE\/i\/btn\/btn_donate_LG.gif\" border=\"0\" name=\"submit\" title=\"PayPal - The safer, easier way to pay online!\" alt=\"Spenden mit dem PayPal-Button\" \/>\n<img loading=\"lazy\" decoding=\"async\" alt=\"\" border=\"0\" src=\"https:\/\/www.paypal.com\/de_DE\/i\/scr\/pixel.gif\" width=\"1\" height=\"1\" \/>\n<\/form>\n","protected":false},"excerpt":{"rendered":"<p>Mitgliedschaft Eine Mitgliedschaft in unserem Verein kostet nicht mehr als eine gute Pizza beim Lieblingsitaliener.&nbsp; Mit 20 Euro im Jahr k\u00f6nnen wir viel erreichen. Um Mitglied zu werden, k\u00f6nnen Sie &hellip; <\/p>\n<p class=\"link-more\"><a href=\"https:\/\/foerderverein-rammelsberg.de\/hp\/unterstuetzen-mitgliedschaft\/\" class=\"more-link\"><span class=\"screen-reader-text\">\u201eUnterst\u00fctzen\/ Mitgliedschaft\u201c <\/span>weiterlesen<\/a><\/p>\n","protected":false},"author":1,"featured_media":0,"parent":0,"menu_order":0,"comment_status":"closed","ping_status":"closed","template":"","meta":{"footnotes":""},"class_list":["post-263","page","type-page","status-publish","hentry"],"_links":{"self":[{"href":"https:\/\/foerderverein-rammelsberg.de\/hp\/wp-json\/wp\/v2\/pages\/263","targetHints":{"allow":["GET"]}}],"collection":[{"href":"https:\/\/foerderverein-rammelsberg.de\/hp\/wp-json\/wp\/v2\/pages"}],"about":[{"href":"https:\/\/foerderverein-rammelsberg.de\/hp\/wp-json\/wp\/v2\/types\/page"}],"author":[{"embeddable":true,"href":"https:\/\/foerderverein-rammelsberg.de\/hp\/wp-json\/wp\/v2\/users\/1"}],"replies":[{"embeddable":true,"href":"https:\/\/foerderverein-rammelsberg.de\/hp\/wp-json\/wp\/v2\/comments?post=263"}],"version-history":[{"count":9,"href":"https:\/\/foerderverein-rammelsberg.de\/hp\/wp-json\/wp\/v2\/pages\/263\/revisions"}],"predecessor-version":[{"id":537,"href":"https:\/\/foerderverein-rammelsberg.de\/hp\/wp-json\/wp\/v2\/pages\/263\/revisions\/537"}],"wp:attachment":[{"href":"https:\/\/foerderverein-rammelsberg.de\/hp\/wp-json\/wp\/v2\/media?parent=263"}],"curies":[{"name":"wp","href":"https:\/\/api.w.org\/{rel}","templated":true}]}}